{"id":41,"date":"2023-12-01T00:51:23","date_gmt":"2023-12-01T00:51:23","guid":{"rendered":"https:\/\/sites.generatepress.com\/kicks\/?page_id=41"},"modified":"2025-10-30T11:44:11","modified_gmt":"2025-10-30T11:44:11","slug":"home","status":"publish","type":"page","link":"https:\/\/www.unimaqmachinery.com\/","title":{"rendered":"Home"},"content":{"rendered":"\n<div class=\"gb-element-e537d5c3\">\n<div class=\"gb-element-392941c9\">\n<div data-aos= \"fade-right\" data-aos-duration=\"400\" data-aos-delay=\"0\" data-aos-easing=\"ease\" data-aos-once=\"true\" class=\"wp-block-uagb-advanced-heading uagb-block-e5ee6420\"><h1 class=\"uagb-heading-text\">TENEMOS LA MAQUINA QUE EST\u00c1S BUSCANDO<\/h1><\/div>\n\n\n\n<div style=\"height:20px\" aria-hidden=\"true\" class=\"wp-block-spacer\"><\/div>\n\n\n\n<a class=\"gb-text gb-text-29ce8189\" href=\"https:\/\/www.unimaqmachinery.com\/index.php\/maquinaria\/\">nuestro cat\u00e1logo<\/a>\n<\/div>\n\n\n\n<div class=\"gb-element-0543eea6\"><\/div>\n<\/div>\n\n\n\n<div class=\"gb-element-0909fd70\">\n<div class=\"gb-element-fb6e40e3\">\n<h2 class=\"gb-text gb-text-38efe4b2\">RIPPA<\/h2>\n\n\n\n<p class=\"has-base-3-color has-text-color has-link-color wp-elements-a71199952ebc0b5155b54a4b70ee2d16\">Son tan compactas que puedes trabajar con seguridad en espacios reducidos. Dise\u00f1o de control y caracter\u00edsticas de comodidad mejorados para que puedas trabajar de manera eficiente y c\u00f3moda.<\/p>\n\n\n\n<a class=\"gb-text-7d312a75\" href=\"https:\/\/www.unimaqmachinery.com\/index.php\/rippa\/\"><span class=\"gb-text\">VER TODAS<\/span><span class=\"gb-shape\"><svg aria-hidden=\"true\" role=\"img\" height=\"1em\" width=\"1em\" viewBox=\"0 0 256 512\" xmlns=\"http:\/\/www.w3.org\/2000\/svg\"><path fill=\"currentColor\" d=\"M224.3 273l-136 136c-9.4 9.4-24.6 9.4-33.9 0l-22.6-22.6c-9.4-9.4-9.4-24.6 0-33.9l96.4-96.4-96.4-96.4c-9.4-9.4-9.4-24.6 0-33.9L54.3 103c9.4-9.4 24.6-9.4 33.9 0l136 136c9.5 9.4 9.5 24.6.1 34z\"><\/path><\/svg><\/span><\/a>\n<\/div>\n\n\n\n<div class=\"gb-element-91a806e1\">\n<div><div class=\"gb-looper-4174ebe1\">\n<div class=\"gb-loop-item gb-loop-item-89655a58 post-954 product type-product status-publish has-post-thumbnail product_cat-mini-excavadoras product_cat-r32 product_cat-rippa  woocommerce-text-align-center woocommerce-image-align-center wc-has-gallery first instock shipping-taxable product-type-simple\" style=\"--inline-bg-image: url(https:\/\/www.unimaqmachinery.com\/wp-content\/uploads\/2025\/12\/R57.jpg)\">\n<div class=\"gb-element-060ea65f\">\n<h3 class=\"gb-text gb-text-4b5814ba\">MINI EXCAVADORA RIPPA R57 PRO<\/h3>\n\n\n\n<a class=\"gb-text gb-text-6d215c21\" href=\"https:\/\/www.unimaqmachinery.com\/index.php\/producto\/mini-excavadora-rippa-r57-pro\/\">VER MODELO<\/a>\n<\/div>\n<\/div>\n\n<div class=\"gb-loop-item gb-loop-item-89655a58 post-947 product type-product status-publish has-post-thumbnail product_cat-mini-excavadoras product_cat-r32 product_cat-rippa  woocommerce-text-align-center woocommerce-image-align-center wc-has-gallery instock shipping-taxable product-type-simple\" style=\"--inline-bg-image: url(https:\/\/www.unimaqmachinery.com\/wp-content\/uploads\/2025\/10\/RS03.jpg)\">\n<div class=\"gb-element-060ea65f\">\n<h3 class=\"gb-text gb-text-4b5814ba\">MINI CARGADORA CADENAS RIPPA RS03<\/h3>\n\n\n\n<a class=\"gb-text gb-text-6d215c21\" href=\"https:\/\/www.unimaqmachinery.com\/index.php\/producto\/mini-excavadora-rippa-r32-pro-copia\/\">VER MODELO<\/a>\n<\/div>\n<\/div>\n\n<div class=\"gb-loop-item gb-loop-item-89655a58 post-602 product type-product status-publish has-post-thumbnail product_cat-mini-excavadoras product_cat-r32 product_cat-rippa  woocommerce-text-align-center woocommerce-image-align-center wc-has-gallery instock shipping-taxable product-type-simple\" style=\"--inline-bg-image: url(https:\/\/www.unimaqmachinery.com\/wp-content\/uploads\/2025\/07\/R32-1.jpg)\">\n<div class=\"gb-element-060ea65f\">\n<h3 class=\"gb-text gb-text-4b5814ba\">MINI EXCAVADORA RIPPA R32 PRO<\/h3>\n\n\n\n<a class=\"gb-text gb-text-6d215c21\" href=\"https:\/\/www.unimaqmachinery.com\/index.php\/producto\/miniexcavadora-rippa-r32-pro\/\">VER MODELO<\/a>\n<\/div>\n<\/div>\n\n<div class=\"gb-loop-item gb-loop-item-89655a58 post-593 product type-product status-publish has-post-thumbnail product_cat-mini-excavadoras product_cat-r22 product_cat-rippa  woocommerce-text-align-center woocommerce-image-align-center wc-has-gallery last instock shipping-taxable product-type-simple\" style=\"--inline-bg-image: url(https:\/\/www.unimaqmachinery.com\/wp-content\/uploads\/2025\/07\/R22_01.png)\">\n<div class=\"gb-element-060ea65f\">\n<h3 class=\"gb-text gb-text-4b5814ba\">MINI EXCAVADORA RIPPA R22 PRO<\/h3>\n\n\n\n<a class=\"gb-text gb-text-6d215c21\" href=\"https:\/\/www.unimaqmachinery.com\/index.php\/producto\/miniexcavadora-rippa-r22-pro\/\">VER MODELO<\/a>\n<\/div>\n<\/div>\n<\/div><\/div>\n<\/div>\n<\/div>\n\n\n\n<div class=\"gb-element-1eaabb55\">\n<div class=\"gb-element-d80dc170\">\n<h2 class=\"gb-text gb-text-c0e41539\">AOLITE <\/h2>\n\n\n\n<p class=\"has-text-align-left has-base-3-color has-text-color has-link-color wp-elements-4e8f985694afcb78bd8a18240a45e208\">Son tan compactas que puedes trabajar con seguridad en espacios reducidos. Dise\u00f1o de control y caracter\u00edsticas de comodidad mejorados para que puedas trabajar de manera eficiente y c\u00f3moda.<\/p>\n\n\n\n<a class=\"gb-text-ba50a56b\" href=\"https:\/\/www.unimaqmachinery.com\/index.php\/rippa\/\"><span class=\"gb-text\">VER TODAS<\/span><span class=\"gb-shape\"><svg aria-hidden=\"true\" role=\"img\" height=\"1em\" width=\"1em\" viewBox=\"0 0 256 512\" xmlns=\"http:\/\/www.w3.org\/2000\/svg\"><path fill=\"currentColor\" d=\"M224.3 273l-136 136c-9.4 9.4-24.6 9.4-33.9 0l-22.6-22.6c-9.4-9.4-9.4-24.6 0-33.9l96.4-96.4-96.4-96.4c-9.4-9.4-9.4-24.6 0-33.9L54.3 103c9.4-9.4 24.6-9.4 33.9 0l136 136c9.5 9.4 9.5 24.6.1 34z\"><\/path><\/svg><\/span><\/a>\n<\/div>\n\n\n\n<div class=\"gb-element-326128ad\">\n<div><div class=\"gb-looper-cba190ad\">\n<div class=\"gb-loop-item gb-loop-item-675bd8d5 post-913 product type-product status-publish has-post-thumbnail product_cat-aolite  woocommerce-text-align-center woocommerce-image-align-center wc-has-gallery first instock shipping-taxable product-type-simple\" style=\"--inline-bg-image: url(https:\/\/www.unimaqmachinery.com\/wp-content\/uploads\/2025\/10\/A-TL1000.jpg)\">\n<div class=\"gb-element-742e8153\">\n<h3 class=\"gb-text gb-text-0ff76ba2\">AOLITE TL1000<\/h3>\n\n\n\n<a class=\"gb-text gb-text-cdf10c14\" href=\"https:\/\/www.unimaqmachinery.com\/index.php\/producto\/aolite-tl1000-copia\/\">VER MODELO<\/a>\n<\/div>\n<\/div>\n\n<div class=\"gb-loop-item gb-loop-item-675bd8d5 post-857 product type-product status-publish has-post-thumbnail product_cat-aolite  woocommerce-text-align-center woocommerce-image-align-center wc-has-gallery instock shipping-taxable product-type-simple\" style=\"--inline-bg-image: url(https:\/\/www.unimaqmachinery.com\/wp-content\/uploads\/2025\/10\/A-BL35-12.jpg)\">\n<div class=\"gb-element-742e8153\">\n<h3 class=\"gb-text gb-text-0ff76ba2\">AOLITE BL35-12<\/h3>\n\n\n\n<a class=\"gb-text gb-text-cdf10c14\" href=\"https:\/\/www.unimaqmachinery.com\/index.php\/producto\/aolite-tl1000\/\">VER MODELO<\/a>\n<\/div>\n<\/div>\n<\/div><\/div>\n<\/div>\n<\/div>\n\n\n\n<div class=\"gb-element-95d748d8\">\n<div class=\"gb-element-8e0afda1\">\n<h2 class=\"gb-text gb-text-0702085d\">RIPPA R13 PRO<\/h2>\n\n\n\n<div class=\"gb-element-5f6b5976\">\n<a class=\"gb-text gb-text-82db880d\" href=\"https:\/\/www.unimaqmachinery.com\/index.php\/producto\/rippa-r13-pro\/\">VER MODELO<\/a>\n\n\n\n<a class=\"gb-text gb-text-9d84aa23\" href=\"https:\/\/www.unimaqmachinery.com\/index.php\/contacto\/\">PEDIR PRESUPUESTO<\/a>\n<\/div>\n<\/div>\n<\/div>\n\n\n\n<div class=\"gb-element-e368088c featured-banners\">\n<div class=\"gb-element-ee2dcf29\">\n<div class=\"gb-element-3d4f8d18\">\n<div class=\"gb-text gb-text-84430599\">RiPPA 10 ECO<\/div>\n\n\n\n<a class=\"gb-text gb-text-9e5bee00\" href=\"https:\/\/www.unimaqmachinery.com\/index.php\/contacto\/\">PEDIR PRESUPUESTO<\/a>\n<\/div>\n<\/div>\n\n\n\n<div class=\"gb-element-3e6c8bda\">\n<div class=\"gb-element-68e89389\">\n<div class=\"gb-text gb-text-22bfad5f\">RIPPA 22 PRO<\/div>\n\n\n\n<a class=\"gb-text gb-text-4964270a\" href=\"https:\/\/www.unimaqmachinery.com\/index.php\/contacto\/\">PEDIR PRESUPUESTO<\/a>\n<\/div>\n<\/div>\n<\/div>\n\n\n\n<div class=\"gb-element-583411c8\">\n<div class=\"gb-element-bf73f529\"><\/div>\n<\/div>\n","protected":false},"excerpt":{"rendered":"<p>TENEMOS LA MAQUINA QUE EST\u00c1S BUSCANDO nuestro cat\u00e1logo RIPPA Son tan compactas que puedes trabajar con seguridad en espacios reducidos. Dise\u00f1o de control y caracter\u00edsticas de comodidad mejorados para que puedas trabajar de manera eficiente y c\u00f3moda. VER TODAS AOLITE Son tan compactas que puedes trabajar con seguridad en espacios reducidos. Dise\u00f1o de control y &#8230; <a title=\"Home\" class=\"read-more\" href=\"https:\/\/www.unimaqmachinery.com\/\" aria-label=\"Leer m\u00e1s sobre Home\">Saber m\u00e1s<\/a><\/p>\n","protected":false},"author":1,"featured_media":0,"parent":0,"menu_order":0,"comment_status":"closed","ping_status":"closed","template":"","meta":{"_uag_custom_page_level_css":"","_joinchat":[],"footnotes":""},"class_list":["post-41","page","type-page","status-publish"],"uagb_featured_image_src":{"full":false,"thumbnail":false,"medium":false,"medium_large":false,"large":false,"1536x1536":false,"2048x2048":false,"woocommerce_thumbnail":false,"woocommerce_single":false,"woocommerce_gallery_thumbnail":false},"uagb_author_info":{"display_name":"","author_link":"https:\/\/www.unimaqmachinery.com\/index.php\/author\/"},"uagb_comment_info":0,"uagb_excerpt":"TENEMOS LA MAQUINA QUE EST\u00c1S BUSCANDO nuestro cat\u00e1logo RIPPA Son tan compactas que puedes trabajar con seguridad en espacios reducidos. Dise\u00f1o de control y caracter\u00edsticas de comodidad mejorados para que puedas trabajar de manera eficiente y c\u00f3moda. VER TODAS AOLITE Son tan compactas que puedes trabajar con seguridad en espacios reducidos. Dise\u00f1o de control y&hellip;","_links":{"self":[{"href":"https:\/\/www.unimaqmachinery.com\/index.php\/wp-json\/wp\/v2\/pages\/41","targetHints":{"allow":["GET"]}}],"collection":[{"href":"https:\/\/www.unimaqmachinery.com\/index.php\/wp-json\/wp\/v2\/pages"}],"about":[{"href":"https:\/\/www.unimaqmachinery.com\/index.php\/wp-json\/wp\/v2\/types\/page"}],"author":[{"embeddable":true,"href":"https:\/\/www.unimaqmachinery.com\/index.php\/wp-json\/wp\/v2\/users\/1"}],"replies":[{"embeddable":true,"href":"https:\/\/www.unimaqmachinery.com\/index.php\/wp-json\/wp\/v2\/comments?post=41"}],"version-history":[{"count":79,"href":"https:\/\/www.unimaqmachinery.com\/index.php\/wp-json\/wp\/v2\/pages\/41\/revisions"}],"predecessor-version":[{"id":946,"href":"https:\/\/www.unimaqmachinery.com\/index.php\/wp-json\/wp\/v2\/pages\/41\/revisions\/946"}],"wp:attachment":[{"href":"https:\/\/www.unimaqmachinery.com\/index.php\/wp-json\/wp\/v2\/media?parent=41"}],"curies":[{"name":"wp","href":"https:\/\/api.w.org\/{rel}","templated":true}]}}