{"id":559,"date":"2025-07-08T16:11:04","date_gmt":"2025-07-08T16:11:04","guid":{"rendered":"https:\/\/www.unimaqmachinery.com\/?post_type=product&#038;p=559"},"modified":"2025-10-30T11:37:49","modified_gmt":"2025-10-30T11:37:49","slug":"rippa-r13-pro","status":"publish","type":"product","link":"https:\/\/www.unimaqmachinery.com\/index.php\/producto\/rippa-r13-pro\/","title":{"rendered":"MINI EXCAVADORA RIPPA R13 PRO"},"content":{"rendered":"","protected":false},"excerpt":{"rendered":"<h1><span style=\"font-size: 50px; font-weight: 800; color: #ffffff; background-color: #0e68b2; padding: 10px;\"><strong>RIPPA R13 PRO<\/strong><\/span><\/h1>\n<h2><span style=\"color: #0e68b2;\"><strong>MINI EXCAVADORA<\/strong><\/span><\/h2>\n<h4><span style=\"color: #81b3cc;\"><strong>PVP DESDE: 10.490 \u20ac<\/strong><\/span><\/h4>\n<p><a href=\"https:\/\/www.unimaqmachinery.com\/index.php\/contacto\/\" rel=\"noopener\"><button class=\"gb-text gb-text-29ce8189\"><strong>LLAMAR AHORA<\/strong><\/button><\/a><\/p>\n<hr \/>\n<ul>\n<li>Peso: 1300 KG<\/li>\n<li>Motor Kubota D722 &#8211; 14 CV<\/li>\n<li>Funci\u00f3n giro lateral brazo<\/li>\n<li>Instalaci\u00f3n de martillo<\/li>\n<li>Cadenas extensibles<\/li>\n<li>Velocidad alta y baja<\/li>\n<\/ul>\n<p>Caracter\u00edsticas opcionales:<\/p>\n<ul>\n<li>Enganche r\u00e1pido mec\u00e1nico<\/li>\n<li>Garra hidr\u00e1ulica de cuchara<\/li>\n<li>Gran variedad de complementos<\/li>\n<\/ul>\n","protected":false},"featured_media":560,"template":"","meta":{"_uag_custom_page_level_css":"","_joinchat":[]},"product_brand":[],"product_cat":[18,22,29],"product_tag":[],"class_list":{"0":"post-559","1":"product","2":"type-product","3":"status-publish","4":"has-post-thumbnail","6":"product_cat-mini-excavadoras","7":"product_cat-r13","8":"product_cat-rippa","9":"","10":"woocommerce-text-align-center","11":"woocommerce-image-align-center","12":"wc-has-gallery","14":"first","15":"instock","16":"shipping-taxable","17":"product-type-simple"},"uagb_featured_image_src":{"full":["https:\/\/www.unimaqmachinery.com\/wp-content\/uploads\/2025\/07\/R13-1.jpg",1200,1200,false],"thumbnail":["https:\/\/www.unimaqmachinery.com\/wp-content\/uploads\/2025\/07\/R13-1-150x150.jpg",150,150,true],"medium":["https:\/\/www.unimaqmachinery.com\/wp-content\/uploads\/2025\/07\/R13-1-300x300.jpg",300,300,true],"medium_large":["https:\/\/www.unimaqmachinery.com\/wp-content\/uploads\/2025\/07\/R13-1-768x768.jpg",768,768,true],"large":["https:\/\/www.unimaqmachinery.com\/wp-content\/uploads\/2025\/07\/R13-1-1024x1024.jpg",1024,1024,true],"1536x1536":["https:\/\/www.unimaqmachinery.com\/wp-content\/uploads\/2025\/07\/R13-1.jpg",1200,1200,false],"2048x2048":["https:\/\/www.unimaqmachinery.com\/wp-content\/uploads\/2025\/07\/R13-1.jpg",1200,1200,false],"woocommerce_thumbnail":["https:\/\/www.unimaqmachinery.com\/wp-content\/uploads\/2025\/07\/R13-1-300x225.jpg",300,225,true],"woocommerce_single":["https:\/\/www.unimaqmachinery.com\/wp-content\/uploads\/2025\/07\/R13-1-600x600.jpg",600,600,true],"woocommerce_gallery_thumbnail":["https:\/\/www.unimaqmachinery.com\/wp-content\/uploads\/2025\/07\/R13-1-100x100.jpg",100,100,true]},"uagb_author_info":{"display_name":"","author_link":"https:\/\/www.unimaqmachinery.com\/index.php\/author\/"},"uagb_comment_info":0,"uagb_excerpt":"RIPPA R13 PRO MINI EXCAVADORA PVP DESDE: 10.490 \u20ac LLAMAR AHORA Peso: 1300 KG Motor Kubota D722 - 14 CV Funci\u00f3n giro lateral brazo Instalaci\u00f3n de martillo Cadenas extensibles Velocidad alta y baja Caracter\u00edsticas opcionales: Enganche r\u00e1pido mec\u00e1nico Garra hidr\u00e1ulica de cuchara Gran variedad de complementos","_links":{"self":[{"href":"https:\/\/www.unimaqmachinery.com\/index.php\/wp-json\/wp\/v2\/product\/559","targetHints":{"allow":["GET"]}}],"collection":[{"href":"https:\/\/www.unimaqmachinery.com\/index.php\/wp-json\/wp\/v2\/product"}],"about":[{"href":"https:\/\/www.unimaqmachinery.com\/index.php\/wp-json\/wp\/v2\/types\/product"}],"wp:featuredmedia":[{"embeddable":true,"href":"https:\/\/www.unimaqmachinery.com\/index.php\/wp-json\/wp\/v2\/media\/560"}],"wp:attachment":[{"href":"https:\/\/www.unimaqmachinery.com\/index.php\/wp-json\/wp\/v2\/media?parent=559"}],"wp:term":[{"taxonomy":"product_brand","embeddable":true,"href":"https:\/\/www.unimaqmachinery.com\/index.php\/wp-json\/wp\/v2\/product_brand?post=559"},{"taxonomy":"product_cat","embeddable":true,"href":"https:\/\/www.unimaqmachinery.com\/index.php\/wp-json\/wp\/v2\/product_cat?post=559"},{"taxonomy":"product_tag","embeddable":true,"href":"https:\/\/www.unimaqmachinery.com\/index.php\/wp-json\/wp\/v2\/product_tag?post=559"}],"curies":[{"name":"wp","href":"https:\/\/api.w.org\/{rel}","templated":true}]}}