{"id":593,"date":"2025-07-09T10:54:21","date_gmt":"2025-07-09T10:54:21","guid":{"rendered":"https:\/\/www.unimaqmachinery.com\/?post_type=product&#038;p=593"},"modified":"2026-04-15T09:29:10","modified_gmt":"2026-04-15T09:29:10","slug":"miniexcavadora-rippa-r22-pro","status":"publish","type":"product","link":"https:\/\/www.unimaqmachinery.com\/index.php\/producto\/miniexcavadora-rippa-r22-pro\/","title":{"rendered":"MINI EXCAVADORA RIPPA R22 PRO"},"content":{"rendered":"","protected":false},"excerpt":{"rendered":"<h1><span style=\"font-size: 50px; font-weight: 800; color: #ffffff; background-color: #0e68b2; padding: 10px;\"><strong>RIPPA R22 PRO<\/strong><\/span><\/h1>\n<h2><span style=\"color: #0e68b2;\"><strong>MINI EXCAVADORA<\/strong><\/span><\/h2>\n<h4><span style=\"color: #81b3cc;\"><strong>PVP DESDE: 19.490 \u20ac<\/strong><\/span><\/h4>\n<p><a href=\"https:\/\/www.unimaqmachinery.com\/index.php\/contacto\/\" rel=\"noopener\"><button class=\"gb-text gb-text-29ce8189\"><strong>LLAMAR AHORA<\/strong><\/button><\/a><\/p>\n<hr \/>\n<ul>\n<li>Peso: 2370KG<\/li>\n<li>Motor Kubota D1105 &#8211; 25 CV<\/li>\n<li>Instalaci\u00f3n de martillo<\/li>\n<li>Aire acondicionado<\/li>\n<li>Cadenas extensibles<\/li>\n<li>Pantalla LCD<\/li>\n<li>Velocidad alta y baja<\/li>\n<\/ul>\n<p>Caracter\u00edsticas opcionales:<\/p>\n<ul>\n<li>Garra hidr\u00e1ulica de cuchara<\/li>\n<li>Enganche r\u00e1pido<\/li>\n<li>Gran variedad de complementos<\/li>\n<\/ul>\n","protected":false},"featured_media":1015,"template":"","meta":{"_uag_custom_page_level_css":"","_joinchat":[]},"product_brand":[],"product_cat":[18,25,29],"product_tag":[],"class_list":{"0":"post-593","1":"product","2":"type-product","3":"status-publish","4":"has-post-thumbnail","6":"product_cat-mini-excavadoras","7":"product_cat-r22","8":"product_cat-rippa","9":"","10":"woocommerce-text-align-center","11":"woocommerce-image-align-center","12":"wc-has-gallery","14":"first","15":"instock","16":"shipping-taxable","17":"product-type-simple"},"uagb_featured_image_src":{"full":["https:\/\/www.unimaqmachinery.com\/wp-content\/uploads\/2025\/07\/R22_01.png",2000,2000,false],"thumbnail":["https:\/\/www.unimaqmachinery.com\/wp-content\/uploads\/2025\/07\/R22_01-150x150.png",150,150,true],"medium":["https:\/\/www.unimaqmachinery.com\/wp-content\/uploads\/2025\/07\/R22_01-300x300.png",300,300,true],"medium_large":["https:\/\/www.unimaqmachinery.com\/wp-content\/uploads\/2025\/07\/R22_01-768x768.png",768,768,true],"large":["https:\/\/www.unimaqmachinery.com\/wp-content\/uploads\/2025\/07\/R22_01-1024x1024.png",1024,1024,true],"1536x1536":["https:\/\/www.unimaqmachinery.com\/wp-content\/uploads\/2025\/07\/R22_01-1536x1536.png",1536,1536,true],"2048x2048":["https:\/\/www.unimaqmachinery.com\/wp-content\/uploads\/2025\/07\/R22_01.png",2000,2000,false],"woocommerce_thumbnail":["https:\/\/www.unimaqmachinery.com\/wp-content\/uploads\/2025\/07\/R22_01-300x225.png",300,225,true],"woocommerce_single":["https:\/\/www.unimaqmachinery.com\/wp-content\/uploads\/2025\/07\/R22_01-600x600.png",600,600,true],"woocommerce_gallery_thumbnail":["https:\/\/www.unimaqmachinery.com\/wp-content\/uploads\/2025\/07\/R22_01-100x100.png",100,100,true]},"uagb_author_info":{"display_name":"","author_link":"https:\/\/www.unimaqmachinery.com\/index.php\/author\/"},"uagb_comment_info":0,"uagb_excerpt":"RIPPA R22 PRO MINI EXCAVADORA PVP DESDE: 19.490 \u20ac LLAMAR AHORA Peso: 2370KG Motor Kubota D1105 - 25 CV Instalaci\u00f3n de martillo Aire acondicionado Cadenas extensibles Pantalla LCD Velocidad alta y baja Caracter\u00edsticas opcionales: Garra hidr\u00e1ulica de cuchara Enganche r\u00e1pido Gran variedad de complementos","_links":{"self":[{"href":"https:\/\/www.unimaqmachinery.com\/index.php\/wp-json\/wp\/v2\/product\/593","targetHints":{"allow":["GET"]}}],"collection":[{"href":"https:\/\/www.unimaqmachinery.com\/index.php\/wp-json\/wp\/v2\/product"}],"about":[{"href":"https:\/\/www.unimaqmachinery.com\/index.php\/wp-json\/wp\/v2\/types\/product"}],"wp:featuredmedia":[{"embeddable":true,"href":"https:\/\/www.unimaqmachinery.com\/index.php\/wp-json\/wp\/v2\/media\/1015"}],"wp:attachment":[{"href":"https:\/\/www.unimaqmachinery.com\/index.php\/wp-json\/wp\/v2\/media?parent=593"}],"wp:term":[{"taxonomy":"product_brand","embeddable":true,"href":"https:\/\/www.unimaqmachinery.com\/index.php\/wp-json\/wp\/v2\/product_brand?post=593"},{"taxonomy":"product_cat","embeddable":true,"href":"https:\/\/www.unimaqmachinery.com\/index.php\/wp-json\/wp\/v2\/product_cat?post=593"},{"taxonomy":"product_tag","embeddable":true,"href":"https:\/\/www.unimaqmachinery.com\/index.php\/wp-json\/wp\/v2\/product_tag?post=593"}],"curies":[{"name":"wp","href":"https:\/\/api.w.org\/{rel}","templated":true}]}}