{"id":857,"date":"2025-10-27T16:56:21","date_gmt":"2025-10-27T16:56:21","guid":{"rendered":"https:\/\/www.unimaqmachinery.com\/?post_type=product&#038;p=857"},"modified":"2025-10-30T11:43:09","modified_gmt":"2025-10-30T11:43:09","slug":"aolite-tl1000","status":"publish","type":"product","link":"https:\/\/www.unimaqmachinery.com\/index.php\/producto\/aolite-tl1000\/","title":{"rendered":"AOLITE BL35-12"},"content":{"rendered":"","protected":false},"excerpt":{"rendered":"<h1><span style=\"font-size: 50px; font-weight: 800; color: #ffffff; background-color: #0e68b2; padding: 10px;\"><strong>AOLITE BL35-12<\/strong><\/span><\/h1>\n<h2><span style=\"color: #0e68b2;\"><strong>RETROEXCAVADORA<\/strong><\/span><\/h2>\n<h4><span style=\"color: #81b3cc;\"><strong>PVP DESDE: 20.656\u20ac<\/strong><\/span><\/h4>\n<hr \/>\n<p><span style=\"font-size: inherit;\">Caracter\u00edsticas:<\/span><\/p>\n<ul>\n<li>Peso3.450KG<\/li>\n<li>Motor YUNNEI &#8211; 50HP &#8211; EURO V<\/li>\n<li>Carga nominal 1200 KG<\/li>\n<\/ul>\n<p><span style=\"font-size: inherit;\">Caracter\u00edsticas opcionales:<\/span><\/p>\n<ul>\n<li>Motor Yanmar<\/li>\n<li>C\u00e1mara trasera<\/li>\n<li>Aire acondicionado<\/li>\n<li>Gran variedad de complementos<\/li>\n<\/ul>\n","protected":false},"featured_media":906,"template":"","meta":{"_uag_custom_page_level_css":"","_joinchat":[]},"product_brand":[],"product_cat":[30],"product_tag":[],"class_list":{"0":"post-857","1":"product","2":"type-product","3":"status-publish","4":"has-post-thumbnail","6":"product_cat-aolite","7":"","8":"woocommerce-text-align-center","9":"woocommerce-image-align-center","10":"wc-has-gallery","12":"first","13":"instock","14":"shipping-taxable","15":"product-type-simple"},"uagb_featured_image_src":{"full":["https:\/\/www.unimaqmachinery.com\/wp-content\/uploads\/2025\/10\/A-BL35-12.jpg",1200,1200,false],"thumbnail":["https:\/\/www.unimaqmachinery.com\/wp-content\/uploads\/2025\/10\/A-BL35-12-150x150.jpg",150,150,true],"medium":["https:\/\/www.unimaqmachinery.com\/wp-content\/uploads\/2025\/10\/A-BL35-12-300x300.jpg",300,300,true],"medium_large":["https:\/\/www.unimaqmachinery.com\/wp-content\/uploads\/2025\/10\/A-BL35-12-768x768.jpg",768,768,true],"large":["https:\/\/www.unimaqmachinery.com\/wp-content\/uploads\/2025\/10\/A-BL35-12-1024x1024.jpg",1024,1024,true],"1536x1536":["https:\/\/www.unimaqmachinery.com\/wp-content\/uploads\/2025\/10\/A-BL35-12.jpg",1200,1200,false],"2048x2048":["https:\/\/www.unimaqmachinery.com\/wp-content\/uploads\/2025\/10\/A-BL35-12.jpg",1200,1200,false],"woocommerce_thumbnail":["https:\/\/www.unimaqmachinery.com\/wp-content\/uploads\/2025\/10\/A-BL35-12-300x225.jpg",300,225,true],"woocommerce_single":["https:\/\/www.unimaqmachinery.com\/wp-content\/uploads\/2025\/10\/A-BL35-12-600x600.jpg",600,600,true],"woocommerce_gallery_thumbnail":["https:\/\/www.unimaqmachinery.com\/wp-content\/uploads\/2025\/10\/A-BL35-12-100x100.jpg",100,100,true]},"uagb_author_info":{"display_name":"","author_link":"https:\/\/www.unimaqmachinery.com\/index.php\/author\/"},"uagb_comment_info":0,"uagb_excerpt":"AOLITE BL35-12 RETROEXCAVADORA PVP DESDE: 20.656\u20ac Caracter\u00edsticas: Peso3.450KG Motor YUNNEI - 50HP - EURO V Carga nominal 1200 KG Caracter\u00edsticas opcionales: Motor Yanmar C\u00e1mara trasera Aire acondicionado Gran variedad de complementos","_links":{"self":[{"href":"https:\/\/www.unimaqmachinery.com\/index.php\/wp-json\/wp\/v2\/product\/857","targetHints":{"allow":["GET"]}}],"collection":[{"href":"https:\/\/www.unimaqmachinery.com\/index.php\/wp-json\/wp\/v2\/product"}],"about":[{"href":"https:\/\/www.unimaqmachinery.com\/index.php\/wp-json\/wp\/v2\/types\/product"}],"wp:featuredmedia":[{"embeddable":true,"href":"https:\/\/www.unimaqmachinery.com\/index.php\/wp-json\/wp\/v2\/media\/906"}],"wp:attachment":[{"href":"https:\/\/www.unimaqmachinery.com\/index.php\/wp-json\/wp\/v2\/media?parent=857"}],"wp:term":[{"taxonomy":"product_brand","embeddable":true,"href":"https:\/\/www.unimaqmachinery.com\/index.php\/wp-json\/wp\/v2\/product_brand?post=857"},{"taxonomy":"product_cat","embeddable":true,"href":"https:\/\/www.unimaqmachinery.com\/index.php\/wp-json\/wp\/v2\/product_cat?post=857"},{"taxonomy":"product_tag","embeddable":true,"href":"https:\/\/www.unimaqmachinery.com\/index.php\/wp-json\/wp\/v2\/product_tag?post=857"}],"curies":[{"name":"wp","href":"https:\/\/api.w.org\/{rel}","templated":true}]}}