{"id":913,"date":"2025-10-27T19:43:23","date_gmt":"2025-10-27T19:43:23","guid":{"rendered":"https:\/\/www.unimaqmachinery.com\/?post_type=product&#038;p=913"},"modified":"2025-10-30T11:40:55","modified_gmt":"2025-10-30T11:40:55","slug":"aolite-tl1000-copia","status":"publish","type":"product","link":"https:\/\/www.unimaqmachinery.com\/index.php\/producto\/aolite-tl1000-copia\/","title":{"rendered":"AOLITE TL1000"},"content":{"rendered":"","protected":false},"excerpt":{"rendered":"<h1><span style=\"font-size: 50px; font-weight: 800; color: #ffffff; background-color: #0e68b2; padding: 10px;\"><strong>AOLITE TL1000<\/strong><\/span><\/h1>\n<h2><span style=\"color: #0e68b2;\"><strong>PALA CARGADORA<\/strong><\/span><\/h2>\n<h4><span style=\"color: #81b3cc;\"><strong>PVP DESDE: 17.547\u20ac<\/strong><\/span><\/h4>\n<hr \/>\n<p><span style=\"font-size: inherit;\">Caracter\u00edsticas:<\/span><\/p>\n<ul>\n<li>Peso 3.200KG<\/li>\n<li>Motor YUNNEI &#8211; 50 CV<\/li>\n<li>Capacidad cuchara 0.4 m3<\/li>\n<li>Dimensiones 4460*1680*2610mm<\/li>\n<\/ul>\n<p><span style=\"font-size: inherit;\">Caracter\u00edsticas opcionales:<\/span><\/p>\n<ul>\n<li>Motor Yanmar<\/li>\n<li>C\u00e1mara trasera<\/li>\n<li>Aire acondicionado<\/li>\n<li>Gran variedad de complementos<\/li>\n<\/ul>\n","protected":false},"featured_media":915,"template":"","meta":{"_uag_custom_page_level_css":"","_joinchat":[]},"product_brand":[],"product_cat":[30],"product_tag":[],"class_list":{"0":"post-913","1":"product","2":"type-product","3":"status-publish","4":"has-post-thumbnail","6":"product_cat-aolite","7":"","8":"woocommerce-text-align-center","9":"woocommerce-image-align-center","10":"wc-has-gallery","12":"first","13":"instock","14":"shipping-taxable","15":"product-type-simple"},"uagb_featured_image_src":{"full":["https:\/\/www.unimaqmachinery.com\/wp-content\/uploads\/2025\/10\/A-TL1000.jpg",1200,1200,false],"thumbnail":["https:\/\/www.unimaqmachinery.com\/wp-content\/uploads\/2025\/10\/A-TL1000-150x150.jpg",150,150,true],"medium":["https:\/\/www.unimaqmachinery.com\/wp-content\/uploads\/2025\/10\/A-TL1000-300x300.jpg",300,300,true],"medium_large":["https:\/\/www.unimaqmachinery.com\/wp-content\/uploads\/2025\/10\/A-TL1000-768x768.jpg",768,768,true],"large":["https:\/\/www.unimaqmachinery.com\/wp-content\/uploads\/2025\/10\/A-TL1000-1024x1024.jpg",1024,1024,true],"1536x1536":["https:\/\/www.unimaqmachinery.com\/wp-content\/uploads\/2025\/10\/A-TL1000.jpg",1200,1200,false],"2048x2048":["https:\/\/www.unimaqmachinery.com\/wp-content\/uploads\/2025\/10\/A-TL1000.jpg",1200,1200,false],"woocommerce_thumbnail":["https:\/\/www.unimaqmachinery.com\/wp-content\/uploads\/2025\/10\/A-TL1000-300x225.jpg",300,225,true],"woocommerce_single":["https:\/\/www.unimaqmachinery.com\/wp-content\/uploads\/2025\/10\/A-TL1000-600x600.jpg",600,600,true],"woocommerce_gallery_thumbnail":["https:\/\/www.unimaqmachinery.com\/wp-content\/uploads\/2025\/10\/A-TL1000-100x100.jpg",100,100,true]},"uagb_author_info":{"display_name":"","author_link":"https:\/\/www.unimaqmachinery.com\/index.php\/author\/"},"uagb_comment_info":0,"uagb_excerpt":"AOLITE TL1000 PALA CARGADORA PVP DESDE: 17.547\u20ac Caracter\u00edsticas: Peso 3.200KG Motor YUNNEI - 50 CV Capacidad cuchara 0.4 m3 Dimensiones 4460*1680*2610mm Caracter\u00edsticas opcionales: Motor Yanmar C\u00e1mara trasera Aire acondicionado Gran variedad de complementos","_links":{"self":[{"href":"https:\/\/www.unimaqmachinery.com\/index.php\/wp-json\/wp\/v2\/product\/913","targetHints":{"allow":["GET"]}}],"collection":[{"href":"https:\/\/www.unimaqmachinery.com\/index.php\/wp-json\/wp\/v2\/product"}],"about":[{"href":"https:\/\/www.unimaqmachinery.com\/index.php\/wp-json\/wp\/v2\/types\/product"}],"wp:featuredmedia":[{"embeddable":true,"href":"https:\/\/www.unimaqmachinery.com\/index.php\/wp-json\/wp\/v2\/media\/915"}],"wp:attachment":[{"href":"https:\/\/www.unimaqmachinery.com\/index.php\/wp-json\/wp\/v2\/media?parent=913"}],"wp:term":[{"taxonomy":"product_brand","embeddable":true,"href":"https:\/\/www.unimaqmachinery.com\/index.php\/wp-json\/wp\/v2\/product_brand?post=913"},{"taxonomy":"product_cat","embeddable":true,"href":"https:\/\/www.unimaqmachinery.com\/index.php\/wp-json\/wp\/v2\/product_cat?post=913"},{"taxonomy":"product_tag","embeddable":true,"href":"https:\/\/www.unimaqmachinery.com\/index.php\/wp-json\/wp\/v2\/product_tag?post=913"}],"curies":[{"name":"wp","href":"https:\/\/api.w.org\/{rel}","templated":true}]}}