{"id":968,"date":"2025-12-17T09:54:14","date_gmt":"2025-12-17T09:54:14","guid":{"rendered":"https:\/\/www.unimaqmachinery.com\/?post_type=product&#038;p=968"},"modified":"2025-12-17T09:59:26","modified_gmt":"2025-12-17T09:59:26","slug":"enganche-rapido-hidraulico","status":"publish","type":"product","link":"https:\/\/www.unimaqmachinery.com\/index.php\/producto\/enganche-rapido-hidraulico\/","title":{"rendered":"Enganche r\u00e1pido hidr\u00e1ulico"},"content":{"rendered":"","protected":false},"excerpt":{"rendered":"<h1><span style=\"font-size: 50px; font-weight: 800; color: #ffffff; background-color: #0e68b2; padding: 10px;\"><strong>COMPLEMENTOS<\/strong><\/span><\/h1>\n<h2><span style=\"color: #0e68b2;\"><strong>ENGANCHE R\u00c1PIDO HIDR\u00c1ULICO<\/strong><\/span><\/h2>\n<p><a href=\"https:\/\/www.unimaqmachinery.com\/index.php\/contacto\/\" rel=\"noopener\"><button class=\"gb-text gb-text-29ce8189\"><strong>LLAMAR AHORA<\/strong><\/button><\/a><\/p>\n<hr \/>\n<p>El sistema de enganche r\u00e1pido hidr\u00e1ulico de RIPPA funciona mediante un mecanismo controlado desde la propia cabina.<br \/>\nEste accesorio permite acoplar o soltar accesorios en pocos segundos, sin necesidad de bajar de la cabina ni usar herramientas manuales, garantizando rapidez, seguridad y eficiencia en el cambio de accesorios (cucharones, rastrillos, martillos\u2026).<\/p>\n<p>&nbsp;<\/p>\n","protected":false},"featured_media":971,"template":"","meta":{"_uag_custom_page_level_css":"","_joinchat":[]},"product_brand":[],"product_cat":[31],"product_tag":[],"class_list":{"0":"post-968","1":"product","2":"type-product","3":"status-publish","4":"has-post-thumbnail","6":"product_cat-complementos","7":"","8":"woocommerce-text-align-center","9":"woocommerce-image-align-center","11":"first","12":"instock","13":"shipping-taxable","14":"product-type-simple"},"uagb_featured_image_src":{"full":["https:\/\/www.unimaqmachinery.com\/wp-content\/uploads\/2025\/12\/Enganche.jpg",1200,1200,false],"thumbnail":["https:\/\/www.unimaqmachinery.com\/wp-content\/uploads\/2025\/12\/Enganche-150x150.jpg",150,150,true],"medium":["https:\/\/www.unimaqmachinery.com\/wp-content\/uploads\/2025\/12\/Enganche-300x300.jpg",300,300,true],"medium_large":["https:\/\/www.unimaqmachinery.com\/wp-content\/uploads\/2025\/12\/Enganche-768x768.jpg",768,768,true],"large":["https:\/\/www.unimaqmachinery.com\/wp-content\/uploads\/2025\/12\/Enganche-1024x1024.jpg",1024,1024,true],"1536x1536":["https:\/\/www.unimaqmachinery.com\/wp-content\/uploads\/2025\/12\/Enganche.jpg",1200,1200,false],"2048x2048":["https:\/\/www.unimaqmachinery.com\/wp-content\/uploads\/2025\/12\/Enganche.jpg",1200,1200,false],"woocommerce_thumbnail":["https:\/\/www.unimaqmachinery.com\/wp-content\/uploads\/2025\/12\/Enganche-300x225.jpg",300,225,true],"woocommerce_single":["https:\/\/www.unimaqmachinery.com\/wp-content\/uploads\/2025\/12\/Enganche-600x600.jpg",600,600,true],"woocommerce_gallery_thumbnail":["https:\/\/www.unimaqmachinery.com\/wp-content\/uploads\/2025\/12\/Enganche-100x100.jpg",100,100,true]},"uagb_author_info":{"display_name":"","author_link":"https:\/\/www.unimaqmachinery.com\/index.php\/author\/"},"uagb_comment_info":0,"uagb_excerpt":"COMPLEMENTOS ENGANCHE R\u00c1PIDO HIDR\u00c1ULICO LLAMAR AHORA El sistema de enganche r\u00e1pido hidr\u00e1ulico de RIPPA funciona mediante un mecanismo controlado desde la propia cabina. Este accesorio permite acoplar o soltar accesorios en pocos segundos, sin necesidad de bajar de la cabina ni usar herramientas manuales, garantizando rapidez, seguridad y eficiencia en el cambio de accesorios (cucharones,&hellip;","_links":{"self":[{"href":"https:\/\/www.unimaqmachinery.com\/index.php\/wp-json\/wp\/v2\/product\/968","targetHints":{"allow":["GET"]}}],"collection":[{"href":"https:\/\/www.unimaqmachinery.com\/index.php\/wp-json\/wp\/v2\/product"}],"about":[{"href":"https:\/\/www.unimaqmachinery.com\/index.php\/wp-json\/wp\/v2\/types\/product"}],"wp:featuredmedia":[{"embeddable":true,"href":"https:\/\/www.unimaqmachinery.com\/index.php\/wp-json\/wp\/v2\/media\/971"}],"wp:attachment":[{"href":"https:\/\/www.unimaqmachinery.com\/index.php\/wp-json\/wp\/v2\/media?parent=968"}],"wp:term":[{"taxonomy":"product_brand","embeddable":true,"href":"https:\/\/www.unimaqmachinery.com\/index.php\/wp-json\/wp\/v2\/product_brand?post=968"},{"taxonomy":"product_cat","embeddable":true,"href":"https:\/\/www.unimaqmachinery.com\/index.php\/wp-json\/wp\/v2\/product_cat?post=968"},{"taxonomy":"product_tag","embeddable":true,"href":"https:\/\/www.unimaqmachinery.com\/index.php\/wp-json\/wp\/v2\/product_tag?post=968"}],"curies":[{"name":"wp","href":"https:\/\/api.w.org\/{rel}","templated":true}]}}