{"id":972,"date":"2025-12-17T09:59:48","date_gmt":"2025-12-17T09:59:48","guid":{"rendered":"https:\/\/www.unimaqmachinery.com\/?post_type=product&#038;p=972"},"modified":"2025-12-17T10:00:48","modified_gmt":"2025-12-17T10:00:48","slug":"cuchara-de-excavacion","status":"publish","type":"product","link":"https:\/\/www.unimaqmachinery.com\/index.php\/producto\/cuchara-de-excavacion\/","title":{"rendered":"Cuchara de Excavaci\u00f3n"},"content":{"rendered":"","protected":false},"excerpt":{"rendered":"<h1><span style=\"font-size: 50px; font-weight: 800; color: #ffffff; background-color: #0e68b2; padding: 10px;\"><strong>COMPLEMENTOS<\/strong><\/span><\/h1>\n<h2><span style=\"color: #0e68b2;\"><strong>CUCHARA DE EXCAVACI\u00d3N<\/strong><\/span><\/h2>\n<p><a href=\"https:\/\/www.unimaqmachinery.com\/index.php\/contacto\/\" rel=\"noopener\"><button class=\"gb-text gb-text-29ce8189\"><strong>LLAMAR AHORA<\/strong><\/button><\/a><\/p>\n<hr \/>\n<p>La cuchara de excavaci\u00f3n es una herramienta indispensable para trabajos en condiciones de terreno dif\u00edciles. Disponible en anchuras de 20 cm, 30 cm, 40 cm, 60 cm y 80 cm para adaptarse perfectamente a las necesidades de cada proyecto.<br \/>\nDientes de alta resistencia para una m\u00e1xima potencia de excavaci\u00f3n y un trabajo eficaz en suelos duros o compactados. Ideal para trabajos de construcci\u00f3n, proyectos de demolici\u00f3n y movimiento de tierras.<\/p>\n<p>&nbsp;<\/p>\n","protected":false},"featured_media":969,"template":"","meta":{"_uag_custom_page_level_css":"","_joinchat":[]},"product_brand":[],"product_cat":[31],"product_tag":[],"class_list":{"0":"post-972","1":"product","2":"type-product","3":"status-publish","4":"has-post-thumbnail","6":"product_cat-complementos","7":"","8":"woocommerce-text-align-center","9":"woocommerce-image-align-center","11":"first","12":"instock","13":"shipping-taxable","14":"product-type-simple"},"uagb_featured_image_src":{"full":["https:\/\/www.unimaqmachinery.com\/wp-content\/uploads\/2025\/12\/Cuchara.jpg",1200,1200,false],"thumbnail":["https:\/\/www.unimaqmachinery.com\/wp-content\/uploads\/2025\/12\/Cuchara-150x150.jpg",150,150,true],"medium":["https:\/\/www.unimaqmachinery.com\/wp-content\/uploads\/2025\/12\/Cuchara-300x300.jpg",300,300,true],"medium_large":["https:\/\/www.unimaqmachinery.com\/wp-content\/uploads\/2025\/12\/Cuchara-768x768.jpg",768,768,true],"large":["https:\/\/www.unimaqmachinery.com\/wp-content\/uploads\/2025\/12\/Cuchara-1024x1024.jpg",1024,1024,true],"1536x1536":["https:\/\/www.unimaqmachinery.com\/wp-content\/uploads\/2025\/12\/Cuchara.jpg",1200,1200,false],"2048x2048":["https:\/\/www.unimaqmachinery.com\/wp-content\/uploads\/2025\/12\/Cuchara.jpg",1200,1200,false],"woocommerce_thumbnail":["https:\/\/www.unimaqmachinery.com\/wp-content\/uploads\/2025\/12\/Cuchara-300x225.jpg",300,225,true],"woocommerce_single":["https:\/\/www.unimaqmachinery.com\/wp-content\/uploads\/2025\/12\/Cuchara-600x600.jpg",600,600,true],"woocommerce_gallery_thumbnail":["https:\/\/www.unimaqmachinery.com\/wp-content\/uploads\/2025\/12\/Cuchara-100x100.jpg",100,100,true]},"uagb_author_info":{"display_name":"","author_link":"https:\/\/www.unimaqmachinery.com\/index.php\/author\/"},"uagb_comment_info":0,"uagb_excerpt":"COMPLEMENTOS CUCHARA DE EXCAVACI\u00d3N LLAMAR AHORA La cuchara de excavaci\u00f3n es una herramienta indispensable para trabajos en condiciones de terreno dif\u00edciles. Disponible en anchuras de 20 cm, 30 cm, 40 cm, 60 cm y 80 cm para adaptarse perfectamente a las necesidades de cada proyecto. Dientes de alta resistencia para una m\u00e1xima potencia de excavaci\u00f3n&hellip;","_links":{"self":[{"href":"https:\/\/www.unimaqmachinery.com\/index.php\/wp-json\/wp\/v2\/product\/972","targetHints":{"allow":["GET"]}}],"collection":[{"href":"https:\/\/www.unimaqmachinery.com\/index.php\/wp-json\/wp\/v2\/product"}],"about":[{"href":"https:\/\/www.unimaqmachinery.com\/index.php\/wp-json\/wp\/v2\/types\/product"}],"wp:featuredmedia":[{"embeddable":true,"href":"https:\/\/www.unimaqmachinery.com\/index.php\/wp-json\/wp\/v2\/media\/969"}],"wp:attachment":[{"href":"https:\/\/www.unimaqmachinery.com\/index.php\/wp-json\/wp\/v2\/media?parent=972"}],"wp:term":[{"taxonomy":"product_brand","embeddable":true,"href":"https:\/\/www.unimaqmachinery.com\/index.php\/wp-json\/wp\/v2\/product_brand?post=972"},{"taxonomy":"product_cat","embeddable":true,"href":"https:\/\/www.unimaqmachinery.com\/index.php\/wp-json\/wp\/v2\/product_cat?post=972"},{"taxonomy":"product_tag","embeddable":true,"href":"https:\/\/www.unimaqmachinery.com\/index.php\/wp-json\/wp\/v2\/product_tag?post=972"}],"curies":[{"name":"wp","href":"https:\/\/api.w.org\/{rel}","templated":true}]}}