{"id":987,"date":"2026-02-09T16:52:38","date_gmt":"2026-02-09T16:52:38","guid":{"rendered":"https:\/\/www.unimaqmachinery.com\/?post_type=product&#038;p=987"},"modified":"2026-02-10T08:07:10","modified_gmt":"2026-02-10T08:07:10","slug":"ahoyadora","status":"publish","type":"product","link":"https:\/\/www.unimaqmachinery.com\/index.php\/producto\/ahoyadora\/","title":{"rendered":"Ahoyadora"},"content":{"rendered":"","protected":false},"excerpt":{"rendered":"<h1><span style=\"font-size: 50px; font-weight: 800; color: #ffffff; background-color: #0e68b2; padding: 10px;\"><strong>COMPLEMENTOS<\/strong><\/span><\/h1>\n<h2><span style=\"color: #0e68b2;\"><strong>AHOYADORA<\/strong><\/span><\/h2>\n<p><a href=\"https:\/\/www.unimaqmachinery.com\/index.php\/contacto\/\" rel=\"noopener\"><button class=\"gb-text gb-text-29ce8189\"><strong>LLAMAR AHORA<\/strong><\/button><\/a><\/p>\n<hr \/>\n<p>Este complemento ha sido dise\u00f1ado con un formato compacto\u00a0desde 800mm * 20 mm que var\u00eda seg\u00fan el tama\u00f1o de la m\u00e1quina. Es la herramienta ideal para proyectos de perforaci\u00f3n ligera, especialmente en suelos de baja a media dureza.<\/p>\n<p>Gracias a su dise\u00f1o preciso, permite realizar perforaciones en el suelo de manera r\u00e1pida y eficiente, siendo perfecta para trabajos como instalaci\u00f3n de postes, plantaci\u00f3n de \u00e1rboles y arbustos, trabajos ligeros de cimentaci\u00f3n y perforaci\u00f3n dom\u00e9stica.<\/p>\n<p>&nbsp;<\/p>\n","protected":false},"featured_media":988,"template":"","meta":{"_uag_custom_page_level_css":"","_joinchat":[]},"product_brand":[],"product_cat":[31],"product_tag":[],"class_list":{"0":"post-987","1":"product","2":"type-product","3":"status-publish","4":"has-post-thumbnail","6":"product_cat-complementos","7":"","8":"woocommerce-text-align-center","9":"woocommerce-image-align-center","11":"first","12":"instock","13":"shipping-taxable","14":"product-type-simple"},"uagb_featured_image_src":{"full":["https:\/\/www.unimaqmachinery.com\/wp-content\/uploads\/2026\/02\/Ahoyadora-RIPPA.jpg",495,518,false],"thumbnail":["https:\/\/www.unimaqmachinery.com\/wp-content\/uploads\/2026\/02\/Ahoyadora-RIPPA-150x150.jpg",150,150,true],"medium":["https:\/\/www.unimaqmachinery.com\/wp-content\/uploads\/2026\/02\/Ahoyadora-RIPPA-287x300.jpg",287,300,true],"medium_large":["https:\/\/www.unimaqmachinery.com\/wp-content\/uploads\/2026\/02\/Ahoyadora-RIPPA.jpg",495,518,false],"large":["https:\/\/www.unimaqmachinery.com\/wp-content\/uploads\/2026\/02\/Ahoyadora-RIPPA.jpg",495,518,false],"1536x1536":["https:\/\/www.unimaqmachinery.com\/wp-content\/uploads\/2026\/02\/Ahoyadora-RIPPA.jpg",495,518,false],"2048x2048":["https:\/\/www.unimaqmachinery.com\/wp-content\/uploads\/2026\/02\/Ahoyadora-RIPPA.jpg",495,518,false],"woocommerce_thumbnail":["https:\/\/www.unimaqmachinery.com\/wp-content\/uploads\/2026\/02\/Ahoyadora-RIPPA-300x225.jpg",300,225,true],"woocommerce_single":["https:\/\/www.unimaqmachinery.com\/wp-content\/uploads\/2026\/02\/Ahoyadora-RIPPA.jpg",495,518,false],"woocommerce_gallery_thumbnail":["https:\/\/www.unimaqmachinery.com\/wp-content\/uploads\/2026\/02\/Ahoyadora-RIPPA-100x100.jpg",100,100,true]},"uagb_author_info":{"display_name":"Jes\u00fas Elorriaga Pardo","author_link":"https:\/\/www.unimaqmachinery.com\/index.php\/author\/"},"uagb_comment_info":0,"uagb_excerpt":"COMPLEMENTOS AHOYADORA LLAMAR AHORA Este complemento ha sido dise\u00f1ado con un formato compacto\u00a0desde 800mm * 20 mm que var\u00eda seg\u00fan el tama\u00f1o de la m\u00e1quina. Es la herramienta ideal para proyectos de perforaci\u00f3n ligera, especialmente en suelos de baja a media dureza. Gracias a su dise\u00f1o preciso, permite realizar perforaciones en el suelo de manera&hellip;","_links":{"self":[{"href":"https:\/\/www.unimaqmachinery.com\/index.php\/wp-json\/wp\/v2\/product\/987","targetHints":{"allow":["GET"]}}],"collection":[{"href":"https:\/\/www.unimaqmachinery.com\/index.php\/wp-json\/wp\/v2\/product"}],"about":[{"href":"https:\/\/www.unimaqmachinery.com\/index.php\/wp-json\/wp\/v2\/types\/product"}],"wp:featuredmedia":[{"embeddable":true,"href":"https:\/\/www.unimaqmachinery.com\/index.php\/wp-json\/wp\/v2\/media\/988"}],"wp:attachment":[{"href":"https:\/\/www.unimaqmachinery.com\/index.php\/wp-json\/wp\/v2\/media?parent=987"}],"wp:term":[{"taxonomy":"product_brand","embeddable":true,"href":"https:\/\/www.unimaqmachinery.com\/index.php\/wp-json\/wp\/v2\/product_brand?post=987"},{"taxonomy":"product_cat","embeddable":true,"href":"https:\/\/www.unimaqmachinery.com\/index.php\/wp-json\/wp\/v2\/product_cat?post=987"},{"taxonomy":"product_tag","embeddable":true,"href":"https:\/\/www.unimaqmachinery.com\/index.php\/wp-json\/wp\/v2\/product_tag?post=987"}],"curies":[{"name":"wp","href":"https:\/\/api.w.org\/{rel}","templated":true}]}}