{"id":991,"date":"2026-02-09T17:18:12","date_gmt":"2026-02-09T17:18:12","guid":{"rendered":"https:\/\/www.unimaqmachinery.com\/?post_type=product&#038;p=991"},"modified":"2026-02-09T17:18:12","modified_gmt":"2026-02-09T17:18:12","slug":"pulgar-hidraulico","status":"publish","type":"product","link":"https:\/\/www.unimaqmachinery.com\/index.php\/producto\/pulgar-hidraulico\/","title":{"rendered":"Pulgar hidr\u00e1ulico"},"content":{"rendered":"","protected":false},"excerpt":{"rendered":"<h1><span style=\"font-size: 50px; font-weight: 800; color: #ffffff; background-color: #0e68b2; padding: 10px;\"><strong>COMPLEMENTOS<\/strong><\/span><\/h1>\n<h2><span style=\"color: #0e68b2;\"><strong>PULGAR HIDR\u00c1ULICO<\/strong><\/span><\/h2>\n<p><a href=\"https:\/\/www.unimaqmachinery.com\/index.php\/contacto\/\" rel=\"noopener\"><button class=\"gb-text gb-text-29ce8189\"><strong>LLAMAR AHORA<\/strong><\/button><\/a><\/p>\n<hr \/>\n<p>El pulgar hidr\u00e1ulico es un accesorio vers\u00e1til que mejora significativamente el agarre de su excavadora. Con su control hidr\u00e1ulico, permite un agarre preciso y seguro de materiales como madera, rocas o escombros, incluso con objetos de forma irregular.<\/p>\n<p>Es ideal para trabajos como demoliciones, labores forestales o jardiner\u00eda, entre otros.<\/p>\n<p>&nbsp;<\/p>\n","protected":false},"featured_media":992,"template":"","meta":{"_uag_custom_page_level_css":"","_joinchat":[]},"product_brand":[],"product_cat":[31],"product_tag":[],"class_list":{"0":"post-991","1":"product","2":"type-product","3":"status-publish","4":"has-post-thumbnail","6":"product_cat-complementos","7":"","8":"woocommerce-text-align-center","9":"woocommerce-image-align-center","11":"first","12":"instock","13":"shipping-taxable","14":"product-type-simple"},"uagb_featured_image_src":{"full":["https:\/\/www.unimaqmachinery.com\/wp-content\/uploads\/2026\/02\/Pulgar-hidraulico-RIPPA.jpg",649,532,false],"thumbnail":["https:\/\/www.unimaqmachinery.com\/wp-content\/uploads\/2026\/02\/Pulgar-hidraulico-RIPPA-150x150.jpg",150,150,true],"medium":["https:\/\/www.unimaqmachinery.com\/wp-content\/uploads\/2026\/02\/Pulgar-hidraulico-RIPPA-300x246.jpg",300,246,true],"medium_large":["https:\/\/www.unimaqmachinery.com\/wp-content\/uploads\/2026\/02\/Pulgar-hidraulico-RIPPA.jpg",649,532,false],"large":["https:\/\/www.unimaqmachinery.com\/wp-content\/uploads\/2026\/02\/Pulgar-hidraulico-RIPPA.jpg",649,532,false],"1536x1536":["https:\/\/www.unimaqmachinery.com\/wp-content\/uploads\/2026\/02\/Pulgar-hidraulico-RIPPA.jpg",649,532,false],"2048x2048":["https:\/\/www.unimaqmachinery.com\/wp-content\/uploads\/2026\/02\/Pulgar-hidraulico-RIPPA.jpg",649,532,false],"woocommerce_thumbnail":["https:\/\/www.unimaqmachinery.com\/wp-content\/uploads\/2026\/02\/Pulgar-hidraulico-RIPPA-300x225.jpg",300,225,true],"woocommerce_single":["https:\/\/www.unimaqmachinery.com\/wp-content\/uploads\/2026\/02\/Pulgar-hidraulico-RIPPA-600x492.jpg",600,492,true],"woocommerce_gallery_thumbnail":["https:\/\/www.unimaqmachinery.com\/wp-content\/uploads\/2026\/02\/Pulgar-hidraulico-RIPPA-100x100.jpg",100,100,true]},"uagb_author_info":{"display_name":"Jes\u00fas Elorriaga Pardo","author_link":"https:\/\/www.unimaqmachinery.com\/index.php\/author\/"},"uagb_comment_info":0,"uagb_excerpt":"COMPLEMENTOS PULGAR HIDR\u00c1ULICO LLAMAR AHORA El pulgar hidr\u00e1ulico es un accesorio vers\u00e1til que mejora significativamente el agarre de su excavadora. Con su control hidr\u00e1ulico, permite un agarre preciso y seguro de materiales como madera, rocas o escombros, incluso con objetos de forma irregular. Es ideal para trabajos como demoliciones, labores forestales o jardiner\u00eda, entre otros.&hellip;","_links":{"self":[{"href":"https:\/\/www.unimaqmachinery.com\/index.php\/wp-json\/wp\/v2\/product\/991","targetHints":{"allow":["GET"]}}],"collection":[{"href":"https:\/\/www.unimaqmachinery.com\/index.php\/wp-json\/wp\/v2\/product"}],"about":[{"href":"https:\/\/www.unimaqmachinery.com\/index.php\/wp-json\/wp\/v2\/types\/product"}],"wp:featuredmedia":[{"embeddable":true,"href":"https:\/\/www.unimaqmachinery.com\/index.php\/wp-json\/wp\/v2\/media\/992"}],"wp:attachment":[{"href":"https:\/\/www.unimaqmachinery.com\/index.php\/wp-json\/wp\/v2\/media?parent=991"}],"wp:term":[{"taxonomy":"product_brand","embeddable":true,"href":"https:\/\/www.unimaqmachinery.com\/index.php\/wp-json\/wp\/v2\/product_brand?post=991"},{"taxonomy":"product_cat","embeddable":true,"href":"https:\/\/www.unimaqmachinery.com\/index.php\/wp-json\/wp\/v2\/product_cat?post=991"},{"taxonomy":"product_tag","embeddable":true,"href":"https:\/\/www.unimaqmachinery.com\/index.php\/wp-json\/wp\/v2\/product_tag?post=991"}],"curies":[{"name":"wp","href":"https:\/\/api.w.org\/{rel}","templated":true}]}}