{"id":995,"date":"2026-02-09T17:32:20","date_gmt":"2026-02-09T17:32:20","guid":{"rendered":"https:\/\/www.unimaqmachinery.com\/?post_type=product&#038;p=995"},"modified":"2026-02-09T17:32:20","modified_gmt":"2026-02-09T17:32:20","slug":"ripper","status":"publish","type":"product","link":"https:\/\/www.unimaqmachinery.com\/index.php\/producto\/ripper\/","title":{"rendered":"Ripper"},"content":{"rendered":"","protected":false},"excerpt":{"rendered":"<h1><span style=\"font-size: 50px; font-weight: 800; color: #ffffff; background-color: #0e68b2; padding: 10px;\"><strong>COMPLEMENTOS<\/strong><\/span><\/h1>\n<h2><span style=\"color: #0e68b2;\"><strong>RIPPER<\/strong><\/span><\/h2>\n<p><a href=\"https:\/\/www.unimaqmachinery.com\/index.php\/contacto\/\" rel=\"noopener\"><button class=\"gb-text gb-text-29ce8189\"><strong>LLAMAR AHORA<\/strong><\/button><\/a><\/p>\n<hr \/>\n<p>El ripper es el accesorio ideal para su excavadora, ya que perfora sin esfuerzo materiales duros y compactados como ra\u00edces, rocas o suelo congelado. Su s\u00f3lida construcci\u00f3n y forma c\u00f3nica garantizan la m\u00e1xima potencia y eficiencia de perforaci\u00f3n, incluso en los proyectos m\u00e1s exigentes.<\/p>\n","protected":false},"featured_media":996,"template":"","meta":{"_uag_custom_page_level_css":"","_joinchat":[]},"product_brand":[],"product_cat":[31],"product_tag":[],"class_list":{"0":"post-995","1":"product","2":"type-product","3":"status-publish","4":"has-post-thumbnail","6":"product_cat-complementos","7":"","8":"woocommerce-text-align-center","9":"woocommerce-image-align-center","11":"first","12":"instock","13":"shipping-taxable","14":"product-type-simple"},"uagb_featured_image_src":{"full":["https:\/\/www.unimaqmachinery.com\/wp-content\/uploads\/2026\/02\/Ripper-RIPPA.jpg",479,330,false],"thumbnail":["https:\/\/www.unimaqmachinery.com\/wp-content\/uploads\/2026\/02\/Ripper-RIPPA-150x150.jpg",150,150,true],"medium":["https:\/\/www.unimaqmachinery.com\/wp-content\/uploads\/2026\/02\/Ripper-RIPPA-300x207.jpg",300,207,true],"medium_large":["https:\/\/www.unimaqmachinery.com\/wp-content\/uploads\/2026\/02\/Ripper-RIPPA.jpg",479,330,false],"large":["https:\/\/www.unimaqmachinery.com\/wp-content\/uploads\/2026\/02\/Ripper-RIPPA.jpg",479,330,false],"1536x1536":["https:\/\/www.unimaqmachinery.com\/wp-content\/uploads\/2026\/02\/Ripper-RIPPA.jpg",479,330,false],"2048x2048":["https:\/\/www.unimaqmachinery.com\/wp-content\/uploads\/2026\/02\/Ripper-RIPPA.jpg",479,330,false],"woocommerce_thumbnail":["https:\/\/www.unimaqmachinery.com\/wp-content\/uploads\/2026\/02\/Ripper-RIPPA-300x225.jpg",300,225,true],"woocommerce_single":["https:\/\/www.unimaqmachinery.com\/wp-content\/uploads\/2026\/02\/Ripper-RIPPA.jpg",479,330,false],"woocommerce_gallery_thumbnail":["https:\/\/www.unimaqmachinery.com\/wp-content\/uploads\/2026\/02\/Ripper-RIPPA-100x100.jpg",100,100,true]},"uagb_author_info":{"display_name":"Jes\u00fas Elorriaga Pardo","author_link":"https:\/\/www.unimaqmachinery.com\/index.php\/author\/"},"uagb_comment_info":0,"uagb_excerpt":"COMPLEMENTOS RIPPER LLAMAR AHORA El ripper es el accesorio ideal para su excavadora, ya que perfora sin esfuerzo materiales duros y compactados como ra\u00edces, rocas o suelo congelado. Su s\u00f3lida construcci\u00f3n y forma c\u00f3nica garantizan la m\u00e1xima potencia y eficiencia de perforaci\u00f3n, incluso en los proyectos m\u00e1s exigentes.","_links":{"self":[{"href":"https:\/\/www.unimaqmachinery.com\/index.php\/wp-json\/wp\/v2\/product\/995","targetHints":{"allow":["GET"]}}],"collection":[{"href":"https:\/\/www.unimaqmachinery.com\/index.php\/wp-json\/wp\/v2\/product"}],"about":[{"href":"https:\/\/www.unimaqmachinery.com\/index.php\/wp-json\/wp\/v2\/types\/product"}],"wp:featuredmedia":[{"embeddable":true,"href":"https:\/\/www.unimaqmachinery.com\/index.php\/wp-json\/wp\/v2\/media\/996"}],"wp:attachment":[{"href":"https:\/\/www.unimaqmachinery.com\/index.php\/wp-json\/wp\/v2\/media?parent=995"}],"wp:term":[{"taxonomy":"product_brand","embeddable":true,"href":"https:\/\/www.unimaqmachinery.com\/index.php\/wp-json\/wp\/v2\/product_brand?post=995"},{"taxonomy":"product_cat","embeddable":true,"href":"https:\/\/www.unimaqmachinery.com\/index.php\/wp-json\/wp\/v2\/product_cat?post=995"},{"taxonomy":"product_tag","embeddable":true,"href":"https:\/\/www.unimaqmachinery.com\/index.php\/wp-json\/wp\/v2\/product_tag?post=995"}],"curies":[{"name":"wp","href":"https:\/\/api.w.org\/{rel}","templated":true}]}}